 {"id":915,"date":"2018-11-01T11:00:16","date_gmt":"2018-11-01T09:00:16","guid":{"rendered":"http:\/\/dev-tocados.tocadosxty.com\/?post_type=product&#038;p=915"},"modified":"2022-03-07T19:26:20","modified_gmt":"2022-03-07T17:26:20","slug":"corona-elba","status":"publish","type":"product","link":"https:\/\/tocadosxty.com\/en\/producto\/corona-elba\/","title":{"rendered":"Corona Elba"},"content":{"rendered":"","protected":false},"excerpt":{"rendered":"<p>Esto es una descripci\u00f3n del producto Corona Elba. Aqu\u00ed se pondr\u00e1 una descripci\u00f3n del producto para conocer sus detalles y caracter\u00edsticas.<\/p>\n","protected":false},"featured_media":387,"template":"","meta":[],"product_cat":[25,30],"product_tag":[],"_links":{"self":[{"href":"https:\/\/tocadosxty.com\/en\/wp-json\/wp\/v2\/product\/915"}],"collection":[{"href":"https:\/\/tocadosxty.com\/en\/wp-json\/wp\/v2\/product"}],"about":[{"href":"https:\/\/tocadosxty.com\/en\/wp-json\/wp\/v2\/types\/product"}],"wp:featuredmedia":[{"embeddable":true,"href":"https:\/\/tocadosxty.com\/en\/wp-json\/wp\/v2\/media\/387"}],"wp:attachment":[{"href":"https:\/\/tocadosxty.com\/en\/wp-json\/wp\/v2\/media?parent=915"}],"wp:term":[{"taxonomy":"product_cat","embeddable":true,"href":"https:\/\/tocadosxty.com\/en\/wp-json\/wp\/v2\/product_cat?post=915"},{"taxonomy":"product_tag","embeddable":true,"href":"https:\/\/tocadosxty.com\/en\/wp-json\/wp\/v2\/product_tag?post=915"}],"curies":[{"name":"wp","href":"https:\/\/api.w.org\/{rel}","templated":true}]}}