 {"id":910,"date":"2018-11-01T10:55:21","date_gmt":"2018-11-01T08:55:21","guid":{"rendered":"http:\/\/dev-tocados.tocadosxty.com\/?post_type=product&#038;p=910"},"modified":"2022-03-07T19:41:05","modified_gmt":"2022-03-07T17:41:05","slug":"corona-flores-preservadas-maria","status":"publish","type":"product","link":"https:\/\/tocadosxty.com\/en\/producto\/corona-flores-preservadas-maria\/","title":{"rendered":"Corona Flores Preservadas Maria"},"content":{"rendered":"","protected":false},"excerpt":{"rendered":"<p>Esto es una descripci\u00f3n del producto Corona Flores Preservadas Maria. Aqu\u00ed se pondr\u00e1 una descripci\u00f3n del producto para conocer sus detalles y caracter\u00edsticas.<\/p>\n","protected":false},"featured_media":402,"template":"","meta":[],"product_cat":[25,30],"product_tag":[],"_links":{"self":[{"href":"https:\/\/tocadosxty.com\/en\/wp-json\/wp\/v2\/product\/910"}],"collection":[{"href":"https:\/\/tocadosxty.com\/en\/wp-json\/wp\/v2\/product"}],"about":[{"href":"https:\/\/tocadosxty.com\/en\/wp-json\/wp\/v2\/types\/product"}],"wp:featuredmedia":[{"embeddable":true,"href":"https:\/\/tocadosxty.com\/en\/wp-json\/wp\/v2\/media\/402"}],"wp:attachment":[{"href":"https:\/\/tocadosxty.com\/en\/wp-json\/wp\/v2\/media?parent=910"}],"wp:term":[{"taxonomy":"product_cat","embeddable":true,"href":"https:\/\/tocadosxty.com\/en\/wp-json\/wp\/v2\/product_cat?post=910"},{"taxonomy":"product_tag","embeddable":true,"href":"https:\/\/tocadosxty.com\/en\/wp-json\/wp\/v2\/product_tag?post=910"}],"curies":[{"name":"wp","href":"https:\/\/api.w.org\/{rel}","templated":true}]}}