 {"id":876,"date":"2018-11-01T10:10:43","date_gmt":"2018-11-01T08:10:43","guid":{"rendered":"http:\/\/dev-tocados.tocadosxty.com\/?post_type=product&#038;p=876"},"modified":"2022-03-08T11:50:09","modified_gmt":"2022-03-08T09:50:09","slug":"diadema-modelo-13","status":"publish","type":"product","link":"https:\/\/tocadosxty.com\/en\/producto\/diadema-modelo-13\/","title":{"rendered":"Diadema modelo 13"},"content":{"rendered":"","protected":false},"excerpt":{"rendered":"<p>Esto es una descripci\u00f3n del producto Diadema modelo 13. Aqu\u00ed se pondr\u00e1 una descripci\u00f3n del producto para conocer sus detalles y caracter\u00edsticas.<\/p>\n","protected":false},"featured_media":604,"template":"","meta":[],"product_cat":[25,32],"product_tag":[],"_links":{"self":[{"href":"https:\/\/tocadosxty.com\/en\/wp-json\/wp\/v2\/product\/876"}],"collection":[{"href":"https:\/\/tocadosxty.com\/en\/wp-json\/wp\/v2\/product"}],"about":[{"href":"https:\/\/tocadosxty.com\/en\/wp-json\/wp\/v2\/types\/product"}],"wp:featuredmedia":[{"embeddable":true,"href":"https:\/\/tocadosxty.com\/en\/wp-json\/wp\/v2\/media\/604"}],"wp:attachment":[{"href":"https:\/\/tocadosxty.com\/en\/wp-json\/wp\/v2\/media?parent=876"}],"wp:term":[{"taxonomy":"product_cat","embeddable":true,"href":"https:\/\/tocadosxty.com\/en\/wp-json\/wp\/v2\/product_cat?post=876"},{"taxonomy":"product_tag","embeddable":true,"href":"https:\/\/tocadosxty.com\/en\/wp-json\/wp\/v2\/product_tag?post=876"}],"curies":[{"name":"wp","href":"https:\/\/api.w.org\/{rel}","templated":true}]}}