 {"id":868,"date":"2018-11-01T10:04:03","date_gmt":"2018-11-01T08:04:03","guid":{"rendered":"http:\/\/dev-tocados.tocadosxty.com\/?post_type=product&#038;p=868"},"modified":"2022-03-08T12:14:05","modified_gmt":"2022-03-08T10:14:05","slug":"diadema-modelo-5","status":"publish","type":"product","link":"https:\/\/tocadosxty.com\/en\/producto\/diadema-modelo-5\/","title":{"rendered":"Diadema modelo 5"},"content":{"rendered":"","protected":false},"excerpt":{"rendered":"<p>Esto es una descripci\u00f3n del producto Diadema modelo 5. Aqu\u00ed se pondr\u00e1 una descripci\u00f3n del producto para conocer sus detalles y caracter\u00edsticas.<\/p>\n","protected":false},"featured_media":518,"template":"","meta":[],"product_cat":[25,32],"product_tag":[],"_links":{"self":[{"href":"https:\/\/tocadosxty.com\/en\/wp-json\/wp\/v2\/product\/868"}],"collection":[{"href":"https:\/\/tocadosxty.com\/en\/wp-json\/wp\/v2\/product"}],"about":[{"href":"https:\/\/tocadosxty.com\/en\/wp-json\/wp\/v2\/types\/product"}],"wp:featuredmedia":[{"embeddable":true,"href":"https:\/\/tocadosxty.com\/en\/wp-json\/wp\/v2\/media\/518"}],"wp:attachment":[{"href":"https:\/\/tocadosxty.com\/en\/wp-json\/wp\/v2\/media?parent=868"}],"wp:term":[{"taxonomy":"product_cat","embeddable":true,"href":"https:\/\/tocadosxty.com\/en\/wp-json\/wp\/v2\/product_cat?post=868"},{"taxonomy":"product_tag","embeddable":true,"href":"https:\/\/tocadosxty.com\/en\/wp-json\/wp\/v2\/product_tag?post=868"}],"curies":[{"name":"wp","href":"https:\/\/api.w.org\/{rel}","templated":true}]}}