 {"id":2,"date":"2015-08-06T11:18:50","date_gmt":"2015-08-06T11:18:50","guid":{"rendered":"http:\/\/tocadosxty.com\/?page_id=2"},"modified":"2019-01-25T19:49:47","modified_gmt":"2019-01-25T17:49:47","slug":"sample-page","status":"publish","type":"page","link":"https:\/\/tocadosxty.com\/en\/","title":{"rendered":"Homepage"},"content":{"rendered":"<div id=\"pl-2\"  class=\"panel-layout\" ><div id=\"pg-2-0\"  class=\"panel-grid panel-no-style\" ><div id=\"pgc-2-0-0\"  class=\"panel-grid-cell\" ><div id=\"panel-2-0-0-0\" class=\"so-panel widget widget_sow-editor panel-first-child panel-last-child\" data-index=\"0\" ><div class=\"so-widget-sow-editor so-widget-sow-editor-base\">\n<div class=\"siteorigin-widget-tinymce textwidget\">\n\t<h3>Creatividad, sencillez y elegancia son el sello que nos caracteriza y nos hace \u00fanicos para realizar estos tocados artesanales que podr\u00e1 disfrutar toda mujer para aportar un toque de distinci\u00f3n en ese momento tan especial como puede ser una celebraci\u00f3n, fiesta o evento social o simplemente te apetece deslumbrar.<\/h3>\n<\/div>\n<\/div><\/div><\/div><\/div><div id=\"pg-2-1\"  class=\"panel-grid panel-no-style\" ><div id=\"pgc-2-1-0\"  class=\"panel-grid-cell panel-grid-cell-empty\" ><div class=\"panel-cell-style panel-cell-style-for-2-1-0\" ><\/div><\/div><\/div><div id=\"pg-2-2\"  class=\"panel-grid panel-no-style\" ><div id=\"pgc-2-2-0\"  class=\"panel-grid-cell\" ><div class=\"panel-cell-style panel-cell-style-for-2-2-0\" ><div id=\"panel-2-2-0-0\" class=\"so-panel widget widget_sow-editor panel-first-child\" data-index=\"1\" ><div class=\"so-widget-sow-editor so-widget-sow-editor-base\">\n<div class=\"siteorigin-widget-tinymce textwidget\">\n\t<\/p>\n<h1 style=\"text-align: center;\"><span style=\"color: #ffffff;\">Tocados<\/span><\/h1>\n<h3 style=\"text-align: center;\"><span style=\"color: #ffffff;\">Un tocado bonito puede transformar un look simple en uno sofisticado y deslumbrante.<\/span><\/h3>\n<\/div>\n<\/div><\/div><div id=\"panel-2-2-0-1\" class=\"so-panel widget widget_sow-button panel-last-child\" data-index=\"2\" ><div class=\"so-widget-sow-button so-widget-sow-button-flat-c180f361409b-2\"><div class=\"ow-button-base ow-button-align-center\">\n\t<a href=\"http:\/\/tocadosxty.com\/tocados\/\" class=\"ow-icon-placement-right ow-button-hover\" \t\t>\n\t\t<span>\n\t\t\t<span class=\"sow-icon-fontawesome sow-fas\" data-sow-icon=\"&#xf061;\"\n\t\tstyle=\"color: #ffffff\" ><\/span>\n\t\t\tIr a la secci\u00f3n\t\t<\/span>\n\t<\/a>\n<\/div>\n<\/div><\/div><\/div><\/div><div id=\"pgc-2-2-1\"  class=\"panel-grid-cell\" ><div class=\"panel-cell-style panel-cell-style-for-2-2-1\" ><div id=\"panel-2-2-1-0\" class=\"so-panel widget widget_sow-editor panel-first-child\" data-index=\"3\" ><div class=\"so-widget-sow-editor so-widget-sow-editor-base\">\n<div class=\"siteorigin-widget-tinymce textwidget\">\n\t<h1 style=\"text-align: center;\"><span style=\"color: #ffffff;\">Novias<\/span><\/h1>\n<h3 style=\"text-align: center;\"><span style=\"color: #ffffff;\">\u201cLa elegancia es la \u00fanica belleza que nunca se desvanece\u201d. Audrey Hepburn.e.<\/span><\/h3>\n<\/div>\n<\/div><\/div><div id=\"panel-2-2-1-1\" class=\"so-panel widget widget_sow-button panel-last-child\" data-index=\"4\" ><div class=\"so-widget-sow-button so-widget-sow-button-flat-c180f361409b-2\"><div class=\"ow-button-base ow-button-align-center\">\n\t<a href=\"http:\/\/tocadosxty.com\/novias\/\" class=\"ow-icon-placement-right ow-button-hover\" \t\t>\n\t\t<span>\n\t\t\t<span class=\"sow-icon-fontawesome sow-fas\" data-sow-icon=\"&#xf061;\"\n\t\tstyle=\"color: #ffffff\" ><\/span>\n\t\t\tIr a la secci\u00f3n\t\t<\/span>\n\t<\/a>\n<\/div>\n<\/div><\/div><\/div><\/div><\/div><div id=\"pg-2-3\"  class=\"panel-grid panel-no-style\" ><div id=\"pgc-2-3-0\"  class=\"panel-grid-cell\" ><div class=\"panel-cell-style panel-cell-style-for-2-3-0\" ><div id=\"panel-2-3-0-0\" class=\"so-panel widget widget_sow-editor panel-first-child\" data-index=\"5\" ><div class=\"so-widget-sow-editor so-widget-sow-editor-base\">\n<div class=\"siteorigin-widget-tinymce textwidget\">\n\t<h1 style=\"text-align: center;\"><span style=\"color: #ffffff;\">Ni\u00f1as<\/span><\/h1>\n<h3 style=\"text-align: center;\"><span style=\"color: #ffffff;\">Para que las princesas de casa sean las reinas.<\/span><\/h3>\n<\/div>\n<\/div><\/div><div id=\"panel-2-3-0-1\" class=\"so-panel widget widget_sow-button panel-last-child\" data-index=\"6\" ><div class=\"so-widget-sow-button so-widget-sow-button-flat-c180f361409b-2\"><div class=\"ow-button-base ow-button-align-center\">\n\t<a href=\"http:\/\/tocadosxty.com\/ninas\/\" class=\"ow-icon-placement-right ow-button-hover\" \t\t>\n\t\t<span>\n\t\t\t<span class=\"sow-icon-fontawesome sow-fas\" data-sow-icon=\"&#xf061;\"\n\t\tstyle=\"color: #ffffff\" ><\/span>\n\t\t\tIr a la secci\u00f3n\t\t<\/span>\n\t<\/a>\n<\/div>\n<\/div><\/div><\/div><\/div><div id=\"pgc-2-3-1\"  class=\"panel-grid-cell\" ><div class=\"panel-cell-style panel-cell-style-for-2-3-1\" ><div id=\"panel-2-3-1-0\" class=\"so-panel widget widget_sow-editor panel-first-child\" data-index=\"7\" ><div class=\"so-widget-sow-editor so-widget-sow-editor-base\">\n<div class=\"siteorigin-widget-tinymce textwidget\">\n\t<h1 style=\"text-align: center;\"><span style=\"color: #ffffff;\">Complementos<\/span><\/h1>\n<h3 style=\"text-align: center;\"><span style=\"color: #ffffff;\">\u201cLa elegancia es la \u00fanica belleza que nunca se desvanece\u201d.<\/span><br \/>\n<span style=\"color: #ffffff;\">Audrey Hepburn.<\/span><\/h3>\n<\/div>\n<\/div><\/div><div id=\"panel-2-3-1-1\" class=\"so-panel widget widget_sow-button panel-last-child\" data-index=\"8\" ><div class=\"so-widget-sow-button so-widget-sow-button-flat-c180f361409b-2\"><div class=\"ow-button-base ow-button-align-center\">\n\t<a href=\"http:\/\/tocadosxty.com\/complementos\/\" class=\"ow-icon-placement-right ow-button-hover\" \t\t>\n\t\t<span>\n\t\t\t<span class=\"sow-icon-fontawesome sow-fas\" data-sow-icon=\"&#xf061;\"\n\t\tstyle=\"color: #ffffff\" ><\/span>\n\t\t\tIr a la secci\u00f3n\t\t<\/span>\n\t<\/a>\n<\/div>\n<\/div><\/div><\/div><\/div><\/div><div id=\"pg-2-4\"  class=\"panel-grid panel-no-style\" ><div id=\"pgc-2-4-0\"  class=\"panel-grid-cell panel-grid-cell-empty\" ><div class=\"panel-cell-style panel-cell-style-for-2-4-0\" ><\/div><\/div><\/div><div id=\"pg-2-5\"  class=\"panel-grid panel-no-style\" ><div id=\"pgc-2-5-0\"  class=\"panel-grid-cell\" ><div id=\"panel-2-5-0-0\" class=\"so-panel widget widget_sow-features panel-first-child panel-last-child\" data-index=\"9\" ><div class=\"so-widget-sow-features so-widget-sow-features-default-6fb370263744-2\">\n<div class=\"sow-features-list sow-features-responsive\">\n\n\t\t\t\n\t\t\t<div class=\"sow-features-feature sow-icon-container-position-top sow-features-feature-last-row\" style=\"width: 100%\">\n\n\t\t\t\t<a href=\"http:\/\/tocadosxty.com\/informacion-de-pago-y-envio\/\" >\t\t\t\t<div\n\t\t\t\t\tclass=\"sow-icon-container sow-container-round\"\n                    style=\"color: #404040; \"\n\t\t\t\t\ttitle=\"Env\u00edos\">\n\t\t\t\t\t<span class=\"sow-icon-fontawesome sow-fas\" data-sow-icon=\"&#xf0d1;\"\n\t\tstyle=\"font-size: 60px; color: #FFFFFF\" ><\/span>\t\t\t\t<\/div>\n\t\t\t\t<\/a>\n\t\t\t\t<div class=\"textwidget\">\n\t\t\t\t\t\t\t\t\t\t\t<h5>\n\t\t\t\t\t\t\t\t\t\t\t\t\t\tEnv\u00edos\t\t\t\t\t\t\t\t\t\t\t\t\t<\/h5>\n\t\t\t\t\t\n\t\t\t\t\t\t\t\t\t\t\t<p>El env\u00edo se realizar\u00e1 por una empresa de transporte a libre elecci\u00f3n por TocadosXty.<\/p>\n\t\t\t\t\t\n\t\t\t\t\t\t\t\t\t<\/div>\n\t\t\t<\/div>\n\n\t\t\t\n<\/div>\n<\/div><\/div><\/div><div id=\"pgc-2-5-1\"  class=\"panel-grid-cell\" ><div id=\"panel-2-5-1-0\" class=\"so-panel widget widget_sow-features panel-first-child panel-last-child\" data-index=\"10\" ><div class=\"so-widget-sow-features so-widget-sow-features-default-6fb370263744-2\">\n<div class=\"sow-features-list sow-features-responsive\">\n\n\t\t\t\n\t\t\t<div class=\"sow-features-feature sow-icon-container-position-top sow-features-feature-last-row\" style=\"width: 100%\">\n\n\t\t\t\t<a href=\"http:\/\/tocadosxty.com\/informacion-de-pago-y-envio\/\" >\t\t\t\t<div\n\t\t\t\t\tclass=\"sow-icon-container sow-container-round\"\n                    style=\"color: #404040; \"\n\t\t\t\t\ttitle=\"Pagos\">\n\t\t\t\t\t<span class=\"sow-icon-fontawesome sow-fas\" data-sow-icon=\"&#xf09d;\"\n\t\tstyle=\"font-size: 60px; color: #FFFFFF\" ><\/span>\t\t\t\t<\/div>\n\t\t\t\t<\/a>\n\t\t\t\t<div class=\"textwidget\">\n\t\t\t\t\t\t\t\t\t\t\t<h5>\n\t\t\t\t\t\t\t\t\t\t\t\t\t\tPagos\t\t\t\t\t\t\t\t\t\t\t\t\t<\/h5>\n\t\t\t\t\t\n\t\t\t\t\t\t\t\t\t\t\t<p>TocadosXty acepta la forma de pago a contra reembolso.<\/p>\n\t\t\t\t\t\n\t\t\t\t\t\t\t\t\t<\/div>\n\t\t\t<\/div>\n\n\t\t\t\n<\/div>\n<\/div><\/div><\/div><div id=\"pgc-2-5-2\"  class=\"panel-grid-cell\" ><div id=\"panel-2-5-2-0\" class=\"so-panel widget widget_sow-features panel-first-child panel-last-child\" data-index=\"11\" ><div class=\"so-widget-sow-features so-widget-sow-features-default-6fb370263744-2\">\n<div class=\"sow-features-list sow-features-responsive\">\n\n\t\t\t\n\t\t\t<div class=\"sow-features-feature sow-icon-container-position-top sow-features-feature-last-row\" style=\"width: 100%\">\n\n\t\t\t\t<a href=\"http:\/\/tocadosxty.com\/contacto\/\" >\t\t\t\t<div\n\t\t\t\t\tclass=\"sow-icon-container sow-container-round\"\n                    style=\"color: #404040; \"\n\t\t\t\t\ttitle=\"Contacto\">\n\t\t\t\t\t<span class=\"sow-icon-fontawesome sow-fas\" data-sow-icon=\"&#xf095;\"\n\t\tstyle=\"font-size: 60px; color: #FFFFFF\" ><\/span>\t\t\t\t<\/div>\n\t\t\t\t<\/a>\n\t\t\t\t<div class=\"textwidget\">\n\t\t\t\t\t\t\t\t\t\t\t<h5>\n\t\t\t\t\t\t\t\t\t\t\t\t\t\tContacto\t\t\t\t\t\t\t\t\t\t\t\t\t<\/h5>\n\t\t\t\t\t\n\t\t\t\t\t\t\t\t\t\t\t<p>Contacta con nosotras! Tel\u00e9fono de contacto: 679 44 16 34<\/p>\n\t\t\t\t\t\n\t\t\t\t\t\t\t\t\t<\/div>\n\t\t\t<\/div>\n\n\t\t\t\n<\/div>\n<\/div><\/div><\/div><\/div><div id=\"pg-2-6\"  class=\"panel-grid panel-no-style\" ><div id=\"pgc-2-6-0\"  class=\"panel-grid-cell panel-grid-cell-empty\" ><div class=\"panel-cell-style panel-cell-style-for-2-6-0\" ><\/div><\/div><\/div><div id=\"pg-2-7\"  class=\"panel-grid panel-no-style\" ><div id=\"pgc-2-7-0\"  class=\"panel-grid-cell\" ><div id=\"panel-2-7-0-0\" class=\"so-panel widget widget_sow-editor panel-first-child panel-last-child\" data-index=\"12\" ><div class=\"so-widget-sow-editor so-widget-sow-editor-base\">\n<div class=\"siteorigin-widget-tinymce textwidget\">\n\t<h3>S\u00edguenos en las redes sociales:<\/h3>\n<\/div>\n<\/div><\/div><\/div><\/div><div id=\"pg-2-8\"  class=\"panel-grid panel-no-style\" ><div id=\"pgc-2-8-0\"  class=\"panel-grid-cell\" ><div id=\"panel-2-8-0-0\" class=\"so-panel widget widget_sow-features panel-first-child panel-last-child\" data-index=\"13\" ><div class=\"so-widget-sow-features so-widget-sow-features-default-6fb370263744-2\">\n<div class=\"sow-features-list sow-features-responsive\">\n\n\t\t\t\n\t\t\t<div class=\"sow-features-feature sow-icon-container-position-top sow-features-feature-last-row\" style=\"width: 100%\">\n\n\t\t\t\t<a href=\"https:\/\/www.facebook.com\/Tocadostocadosxty\/?ref=hl\" >\t\t\t\t<div\n\t\t\t\t\tclass=\"sow-icon-container sow-container-none\"\n                    style=\"color: #404040; \"\n\t\t\t\t\ttitle=\"Facebook\">\n\t\t\t\t\t<span class=\"sow-icon-fontawesome sow-fab\" data-sow-icon=\"&#xf09a;\"\n\t\tstyle=\"font-size: 60px; color: #404040\" ><\/span>\t\t\t\t<\/div>\n\t\t\t\t<\/a>\n\t\t\t\t<div class=\"textwidget\">\n\t\t\t\t\t\t\t\t\t\t\t<h5>\n\t\t\t\t\t\t\t\t\t\t\t\t\t\tFacebook\t\t\t\t\t\t\t\t\t\t\t\t\t<\/h5>\n\t\t\t\t\t\n\t\t\t\t\t\n\t\t\t\t\t\t\t\t\t<\/div>\n\t\t\t<\/div>\n\n\t\t\t\n<\/div>\n<\/div><\/div><\/div><div id=\"pgc-2-8-1\"  class=\"panel-grid-cell\" ><div id=\"panel-2-8-1-0\" class=\"so-panel widget widget_sow-features panel-first-child panel-last-child\" data-index=\"14\" ><div class=\"so-widget-sow-features so-widget-sow-features-default-6fb370263744-2\">\n<div class=\"sow-features-list sow-features-responsive\">\n\n\t\t\t\n\t\t\t<div class=\"sow-features-feature sow-icon-container-position-top sow-features-feature-last-row\" style=\"width: 100%\">\n\n\t\t\t\t<a href=\"https:\/\/www.instagram.com\/tocadosxty\/?hl=es\" >\t\t\t\t<div\n\t\t\t\t\tclass=\"sow-icon-container sow-container-none\"\n                    style=\"color: #404040; \"\n\t\t\t\t\ttitle=\"Instagram\">\n\t\t\t\t\t<span class=\"sow-icon-fontawesome sow-fab\" data-sow-icon=\"&#xf16d;\"\n\t\tstyle=\"font-size: 60px; color: #404040\" ><\/span>\t\t\t\t<\/div>\n\t\t\t\t<\/a>\n\t\t\t\t<div class=\"textwidget\">\n\t\t\t\t\t\t\t\t\t\t\t<h5>\n\t\t\t\t\t\t\t\t\t\t\t\t\t\tInstagram\t\t\t\t\t\t\t\t\t\t\t\t\t<\/h5>\n\t\t\t\t\t\n\t\t\t\t\t\n\t\t\t\t\t\t\t\t\t<\/div>\n\t\t\t<\/div>\n\n\t\t\t\n<\/div>\n<\/div><\/div><\/div><div id=\"pgc-2-8-2\"  class=\"panel-grid-cell\" ><div id=\"panel-2-8-2-0\" class=\"so-panel widget widget_sow-features panel-first-child panel-last-child\" data-index=\"15\" ><div class=\"so-widget-sow-features so-widget-sow-features-default-6fb370263744-2\">\n<div class=\"sow-features-list sow-features-responsive\">\n\n\t\t\t\n\t\t\t<div class=\"sow-features-feature sow-icon-container-position-top sow-features-feature-last-row\" style=\"width: 100%\">\n\n\t\t\t\t<a href=\"https:\/\/www.pinterest.es\/tocadosxty\/\" >\t\t\t\t<div\n\t\t\t\t\tclass=\"sow-icon-container sow-container-none\"\n                    style=\"color: #404040; \"\n\t\t\t\t\ttitle=\"Pinterest\">\n\t\t\t\t\t<span class=\"sow-icon-fontawesome sow-fab\" data-sow-icon=\"&#xf0d2;\"\n\t\tstyle=\"font-size: 60px; color: #404040\" ><\/span>\t\t\t\t<\/div>\n\t\t\t\t<\/a>\n\t\t\t\t<div class=\"textwidget\">\n\t\t\t\t\t\t\t\t\t\t\t<h5>\n\t\t\t\t\t\t\t\t\t\t\t\t\t\tPinterest\t\t\t\t\t\t\t\t\t\t\t\t\t<\/h5>\n\t\t\t\t\t\n\t\t\t\t\t\n\t\t\t\t\t\t\t\t\t<\/div>\n\t\t\t<\/div>\n\n\t\t\t\n<\/div>\n<\/div><\/div><\/div><\/div><\/div>","protected":false},"excerpt":{"rendered":"<p>Creatividad, sencillez y elegancia son el sello que nos caracteriza y nos hace \u00fanicos para realizar estos tocados artesanales que podr\u00e1 disfrutar toda mujer para aportar un toque de distinci\u00f3n en ese momento tan especial como puede ser una celebraci\u00f3n, fiesta o evento social o simplemente te apetece deslumbrar.<\/p>\n","protected":false},"author":2,"featured_media":0,"parent":0,"menu_order":0,"comment_status":"closed","ping_status":"closed","template":"","meta":[],"_links":{"self":[{"href":"https:\/\/tocadosxty.com\/en\/wp-json\/wp\/v2\/pages\/2"}],"collection":[{"href":"https:\/\/tocadosxty.com\/en\/wp-json\/wp\/v2\/pages"}],"about":[{"href":"https:\/\/tocadosxty.com\/en\/wp-json\/wp\/v2\/types\/page"}],"author":[{"embeddable":true,"href":"https:\/\/tocadosxty.com\/en\/wp-json\/wp\/v2\/users\/2"}],"replies":[{"embeddable":true,"href":"https:\/\/tocadosxty.com\/en\/wp-json\/wp\/v2\/comments?post=2"}],"version-history":[{"count":161,"href":"https:\/\/tocadosxty.com\/en\/wp-json\/wp\/v2\/pages\/2\/revisions"}],"predecessor-version":[{"id":1597,"href":"https:\/\/tocadosxty.com\/en\/wp-json\/wp\/v2\/pages\/2\/revisions\/1597"}],"wp:attachment":[{"href":"https:\/\/tocadosxty.com\/en\/wp-json\/wp\/v2\/media?parent=2"}],"curies":[{"name":"wp","href":"https:\/\/api.w.org\/{rel}","templated":true}]}}